{"id":4510,"date":"2026-04-22T10:16:26","date_gmt":"2026-04-22T10:16:26","guid":{"rendered":"https:\/\/circufash.eu\/politica-privind-cookie-urile\/"},"modified":"2026-04-24T15:12:00","modified_gmt":"2026-04-24T15:12:00","slug":"politica-privind-cookie-urile","status":"publish","type":"page","link":"https:\/\/circufash.eu\/ro\/politica-privind-cookie-urile\/","title":{"rendered":"Politica privind cookie-urile"},"content":{"rendered":"<div class=\"wpb-content-wrapper\"><p>[vc_row][vc_column][vc_column_text css=&#8221;&#8221;]<\/p>\n<h1 data-section-id=\"1d2kreo\" data-start=\"2516\" data-end=\"2547\"><span role=\"text\"><strong data-start=\"2518\" data-end=\"2547\">Politica privind cookie-urile<\/strong><\/span><\/h1>\n<p data-start=\"2549\" data-end=\"2573\"><strong data-start=\"2549\" data-end=\"2566\">Ultima actualizare:<\/strong> 22 aprilie 2026<\/p>\n<h2 data-section-id=\"1ucmza2\" data-start=\"267\" data-end=\"287\">1. Introducere<\/h2>\n<p data-start=\"288\" data-end=\"421\">Prezenta Politic\u0103 privind cookie-urile explic\u0103 modul \u00een care <strong data-start=\"325\" data-end=\"346\">proiectul CIRCUFash<\/strong> (\u201enoi\u201d, \u201ene\u201d, \u201eal nostru\u201d) utilizeaz\u0103 cookie-uri \u0219i tehnologii similare pe acest site web.<\/p>\n<p data-start=\"423\" data-end=\"697\">CIRCUFash este un proiect <strong data-start=\"446\" data-end=\"510\">cofinan\u021bat de Uniunea European\u0103 \u00een cadrul Programului Erasmus+<\/strong>. Con\u021binutul acestui site web reflect\u0103 exclusiv opiniile autorilor s\u0103i, iar Uniunea European\u0103 nu poate fi considerat\u0103 responsabil\u0103 pentru nicio utilizare care poate fi f\u0103cut\u0103 a informa\u021biilor con\u021binute \u00een acesta. <\/p>\n<p data-start=\"699\" data-end=\"896\">Ne angaj\u0103m s\u0103 v\u0103 protej\u0103m confiden\u021bialitatea \u0219i s\u0103 asigur\u0103m transparen\u021ba \u00een conformitate cu <strong data-start=\"792\" data-end=\"851\">Regulamentul general privind protec\u021bia datelor (UE) 2016\/679 (GDPR)<\/strong> \u0219i cu <strong data-start=\"860\" data-end=\"895\">Directiva ePrivacy (2002\/58\/CE)<\/strong>.<\/p>\n<h3 data-section-id=\"7n3y41\" data-start=\"2575\" data-end=\"2599\">2. Ce sunt cookie-urile<\/h3>\n<p data-start=\"928\" data-end=\"1101\">Cookie-urile sunt fi\u0219iere text de mici dimensiuni stocate pe dispozitivul dumneavoastr\u0103 atunci c\u00e2nd vizita\u021bi un site web. Acestea contribuie la asigurarea func\u021bion\u0103rii corespunz\u0103toare, \u00eembun\u0103t\u0103\u021besc experien\u021ba utilizatorului \u0219i ofer\u0103 informa\u021bii analitice. <\/p>\n<p data-start=\"1103\" data-end=\"1118\">Cookie-urile pot fi:<\/p>\n<ul data-start=\"1119\" data-end=\"1261\">\n<li data-section-id=\"1kua2ii\" data-start=\"1119\" data-end=\"1179\"><strong data-start=\"1121\" data-end=\"1140\">Cookie-uri de sesiune<\/strong>: se \u0219terg atunci c\u00e2nd \u00eenchide\u021bi browserul<\/li>\n<li data-section-id=\"ezyk80\" data-start=\"1180\" data-end=\"1261\"><strong data-start=\"1182\" data-end=\"1204\">Cookie-uri persistente<\/strong>: se stocheaz\u0103 pentru o perioad\u0103 definit\u0103 sau p\u00e2n\u0103 la \u0219tergerea manual\u0103<\/li>\n<\/ul>\n<h3 data-section-id=\"19kwq0t\" data-start=\"2731\" data-end=\"2762\">3. Tipurile de cookie-uri pe care le utiliz\u0103m<\/h3>\n<h3 data-section-id=\"x4uw4k\" data-start=\"1301\" data-end=\"1337\">3.1 Cookie-uri strict necesare<\/h3>\n<p data-start=\"1338\" data-end=\"1426\">Aceste cookie-uri sunt esen\u021biale pentru func\u021bionarea corespunz\u0103toare a site-ului web \u0219i nu pot fi dezactivate.<\/p>\n<p data-start=\"1428\" data-end=\"1445\">Acestea sunt utilizate pentru a:<\/p>\n<ul data-start=\"1446\" data-end=\"1556\">\n<li data-section-id=\"1wfpzk4\" data-start=\"1446\" data-end=\"1494\">Permite navigarea \u0219i accesul la zonele securizate<\/li>\n<li data-section-id=\"c0ghsv\" data-start=\"1495\" data-end=\"1522\">Asigura securitatea site-ului web<\/li>\n<li data-section-id=\"j9m4sq\" data-start=\"1523\" data-end=\"1556\">Stoca preferin\u021bele dumneavoastr\u0103 privind cookie-urile<\/li>\n<\/ul>\n<p data-start=\"1558\" data-end=\"1617\"><strong data-start=\"1558\" data-end=\"1574\">Temei juridic:<\/strong> Interes legitim (articolul 6 alineatul (1) litera (f) GDPR)<\/p>\n<h3 data-section-id=\"1icpkvc\" data-start=\"1624\" data-end=\"1651\">3.2 Cookie-uri de analiz\u0103<\/h3>\n<p data-start=\"1652\" data-end=\"1772\">Aceste cookie-uri ne ajut\u0103 s\u0103 \u00een\u021belegem modul \u00een care vizitatorii interac\u021bioneaz\u0103 cu site-ul web, permi\u021b\u00e2ndu-ne s\u0103 \u00eembun\u0103t\u0103\u021bim performan\u021ba \u0219i con\u021binutul.<\/p>\n<p data-start=\"1774\" data-end=\"1791\">Acestea pot colecta:<\/p>\n<ul data-start=\"1792\" data-end=\"1932\">\n<li data-section-id=\"1f1ypj\" data-start=\"1792\" data-end=\"1834\">Adres\u0103 IP (anonimizat\u0103, acolo unde este posibil)<\/li>\n<li data-section-id=\"fsqvaf\" data-start=\"1835\" data-end=\"1873\">Pagini vizitate \u0219i trasee de navigare<\/li>\n<li data-section-id=\"1x6uev4\" data-start=\"1874\" data-end=\"1897\">Timp petrecut pe pagini<\/li>\n<li data-section-id=\"rz38bf\" data-start=\"1898\" data-end=\"1932\">Informa\u021bii despre dispozitiv \u0219i browser<\/li>\n<\/ul>\n<p data-start=\"1934\" data-end=\"1951\"><strong data-start=\"1934\" data-end=\"1949\">Instrumente utilizate:<\/strong><\/p>\n<ul data-start=\"1952\" data-end=\"2040\">\n<li data-section-id=\"188qayf\" data-start=\"1952\" data-end=\"1983\">[Matomo (g\u0103zduit local)] <em data-start=\"1977\" data-end=\"1981\">sau<\/em><\/li>\n<li data-section-id=\"1e3ce9l\" data-start=\"1984\" data-end=\"2040\">[Google Analytics] <em data-start=\"2005\" data-end=\"2038\">(adapta\u021bi \u00een func\u021bie de configura\u021bia dumneavoastr\u0103)<\/em><\/li>\n<\/ul>\n<p data-start=\"2042\" data-end=\"2089\"><strong data-start=\"2042\" data-end=\"2058\">Temei juridic:<\/strong> Consim\u021b\u0103m\u00e2nt (articolul 6 alineatul (1) litera (a) GDPR)<\/p>\n<h3 data-section-id=\"cusods\" data-start=\"2096\" data-end=\"2124\">3.3 Cookie-uri func\u021bionale<\/h3>\n<p data-start=\"2125\" data-end=\"2195\">Aceste cookie-uri permit site-ului web s\u0103 re\u021bin\u0103 preferin\u021bele dumneavoastr\u0103, cum ar fi:<\/p>\n<ul data-start=\"2196\" data-end=\"2239\">\n<li data-section-id=\"12fqn0a\" data-start=\"2196\" data-end=\"2218\">Selectarea limbii<\/li>\n<li data-section-id=\"oldrg7\" data-start=\"2219\" data-end=\"2239\">Set\u0103ri de afi\u0219are<\/li>\n<\/ul>\n<p data-start=\"2241\" data-end=\"2265\"><strong data-start=\"2241\" data-end=\"2257\">Temei juridic:<\/strong> Consim\u021b\u0103m\u00e2nt<\/p>\n<h3 data-section-id=\"166byuw\" data-start=\"2272\" data-end=\"2301\">3.4 Cookie-uri ale ter\u021bilor<\/h3>\n<p data-start=\"2302\" data-end=\"2393\">Unele func\u021bionalit\u0103\u021bi de pe acest site web se bazeaz\u0103 pe servicii ale ter\u021bilor care pot seta cookie-uri, inclusiv:<\/p>\n<ul data-start=\"2394\" data-end=\"2500\">\n<li data-section-id=\"1y495xy\" data-start=\"2394\" data-end=\"2435\">Videoclipuri \u00eencorporate (de ex. YouTube, Vimeo)<\/li>\n<li data-section-id=\"j7lzdg\" data-start=\"2436\" data-end=\"2466\">Instrumente de partajare pe re\u021belele sociale<\/li>\n<li data-section-id=\"gs4yj5\" data-start=\"2467\" data-end=\"2500\">Integr\u0103ri de con\u021binut extern<\/li>\n<\/ul>\n<p data-start=\"2502\" data-end=\"2594\">Nu control\u0103m aceste cookie-uri. V\u0103 rug\u0103m s\u0103 consulta\u021bi politicile de confiden\u021bialitate ale furnizorilor respectivi. <\/p>\n<p data-start=\"2596\" data-end=\"2620\"><strong data-start=\"2596\" data-end=\"2612\">Temei juridic:<\/strong> Consim\u021b\u0103m\u00e2nt<\/p>\n<h4 data-section-id=\"1hhgtk0\" data-start=\"2764\" data-end=\"2799\"><span style=\"font-family: inherit; font-size: 1.4em; font-style: inherit; font-variant-ligatures: inherit; font-variant-caps: inherit; font-weight: inherit;\">4. Gestionarea cookie-urilor<\/span><\/h4>\n<p data-start=\"3368\" data-end=\"3504\">Pute\u021bi gestiona sau dezactiva cookie-urile prin set\u0103rile browserului dumneavoastr\u0103.<br data-start=\"3432\" data-end=\"3435\">De asemenea, v\u0103 pute\u021bi retrage consim\u021b\u0103m\u00e2ntul \u00een orice moment prin intermediul bannerului de cookie-uri.<\/p>\n<p>Fiecare browser ofer\u0103 proceduri diferite pentru a preveni utilizarea cookie-urilor sau pentru a le elimina. Pute\u021bi utiliza set\u0103rile browserului dumneavoastr\u0103 pentru a le bloca \u0219i\/sau \u0219terge. Mai jos g\u0103si\u021bi linkuri c\u0103tre ghidurile oficiale ale principalelor browsere privind gestionarea \u0219i \u0219tergerea cookie-urilor:  <\/p>\n<ul>\n<li><a href=\"https:\/\/support.google.com\/accounts\/answer\/32050\">instruc\u021biuni pentru Google Chrome<\/a><\/li>\n<li><a href=\"https:\/\/support.apple.com\/en-in\/guide\/safari\/sfri11471\/mac\">instruc\u021biuni pentru Safari<\/a><\/li>\n<li><a href=\"https:\/\/support.mozilla.org\/en-US\/kb\/clear-cookies-and-site-data-firefox?redirectslug=delete-cookies-remove-info-websites-stored&amp;redirectlocale=en-US\">instruc\u021biuni pentru Mozilla Firefox<\/a><\/li>\n<li><a href=\"https:\/\/support.microsoft.com\/en-us\/topic\/how-to-delete-cookie-files-in-internet-explorer-bca9446f-d873-78de-77ba-d42645fa52fc\">instruc\u021biuni pentru Internet Explorer<\/a><\/li>\n<\/ul>\n<h3 data-section-id=\"1kjsur2\" data-start=\"3506\" data-end=\"3530\">5. P\u0103strarea cookie-urilor<\/h3>\n<p data-start=\"3531\" data-end=\"3631\">Cookie-urile sunt stocate pentru durate diferite, \u00een func\u021bie de scopul lor (cookie-uri de sesiune sau persistente).<\/p>\n<h3 data-section-id=\"mgywph\" data-start=\"3633\" data-end=\"3663\">6. Modific\u0103ri ale acestei politici<\/h3>\n<p data-start=\"3664\" data-end=\"3718\">Putem actualiza aceast\u0103 politic\u0103. V\u0103 rug\u0103m s\u0103 o consulta\u021bi periodic. <\/p>\n<p>[\/vc_column_text][\/vc_column][\/vc_row]<\/p>\n<\/div>","protected":false},"excerpt":{"rendered":"<p>[vc_row][vc_column][vc_column_text css=&#8221;&#8221;] Politica privind cookie-urile Ultima actualizare: 22 aprilie 2026 1. Introducere Prezenta Politic\u0103 privind cookie-urile explic\u0103 modul \u00een care proiectul CIRCUFash (\u201enoi\u201d, \u201ene\u201d, \u201eal nostru\u201d) utilizeaz\u0103 cookie-uri \u0219i tehnologii similare pe acest site web. CIRCUFash este un proiect cofinan\u021bat de Uniunea European\u0103 \u00een cadrul Programului Erasmus+. Con\u021binutul acestui site web reflect\u0103 exclusiv opiniile autorilor [&hellip;]<\/p>\n","protected":false},"author":1,"featured_media":0,"parent":0,"menu_order":0,"comment_status":"closed","ping_status":"closed","template":"","meta":{"footnotes":""},"class_list":["post-4510","page","type-page","status-publish","hentry"],"yoast_head":"<!-- This site is optimized with the Yoast SEO plugin v27.6 - https:\/\/yoast.com\/product\/yoast-seo-wordpress\/ -->\n<title>Politica privind cookie-urile - circufash<\/title>\n<meta name=\"robots\" content=\"index, follow, max-snippet:-1, max-image-preview:large, max-video-preview:-1\" \/>\n<link rel=\"canonical\" href=\"https:\/\/circufash.eu\/ro\/politica-privind-cookie-urile\/\" \/>\n<meta property=\"og:locale\" content=\"ro_RO\" \/>\n<meta property=\"og:type\" content=\"article\" \/>\n<meta property=\"og:title\" content=\"Politica privind cookie-urile - circufash\" \/>\n<meta property=\"og:description\" content=\"[vc_row][vc_column][vc_column_text css=&#8221;&#8221;] Politica privind cookie-urile Ultima actualizare: 22 aprilie 2026 1. Introducere Prezenta Politic\u0103 privind cookie-urile explic\u0103 modul \u00een care proiectul CIRCUFash (\u201enoi\u201d, \u201ene\u201d, \u201eal nostru\u201d) utilizeaz\u0103 cookie-uri \u0219i tehnologii similare pe acest site web. CIRCUFash este un proiect cofinan\u021bat de Uniunea European\u0103 \u00een cadrul Programului Erasmus+. Con\u021binutul acestui site web reflect\u0103 exclusiv opiniile autorilor [&hellip;]\" \/>\n<meta property=\"og:url\" content=\"https:\/\/circufash.eu\/ro\/politica-privind-cookie-urile\/\" \/>\n<meta property=\"og:site_name\" content=\"circufash\" \/>\n<meta property=\"article:publisher\" content=\"https:\/\/www.facebook.com\/profile.php?id=61577380356966\" \/>\n<meta property=\"article:modified_time\" content=\"2026-04-24T15:12:00+00:00\" \/>\n<meta name=\"twitter:card\" content=\"summary_large_image\" \/>\n<meta name=\"twitter:label1\" content=\"Timp estimat pentru citire\" \/>\n\t<meta name=\"twitter:data1\" content=\"3 minute\" \/>\n<script type=\"application\/ld+json\" class=\"yoast-schema-graph\">{\"@context\":\"https:\\\/\\\/schema.org\",\"@graph\":[{\"@type\":\"WebPage\",\"@id\":\"https:\\\/\\\/circufash.eu\\\/ro\\\/politica-privind-cookie-urile\\\/\",\"url\":\"https:\\\/\\\/circufash.eu\\\/ro\\\/politica-privind-cookie-urile\\\/\",\"name\":\"Politica privind cookie-urile - circufash\",\"isPartOf\":{\"@id\":\"https:\\\/\\\/circufash.eu\\\/ro\\\/#website\"},\"datePublished\":\"2026-04-22T10:16:26+00:00\",\"dateModified\":\"2026-04-24T15:12:00+00:00\",\"breadcrumb\":{\"@id\":\"https:\\\/\\\/circufash.eu\\\/ro\\\/politica-privind-cookie-urile\\\/#breadcrumb\"},\"inLanguage\":\"ro-RO\",\"potentialAction\":[{\"@type\":\"ReadAction\",\"target\":[\"https:\\\/\\\/circufash.eu\\\/ro\\\/politica-privind-cookie-urile\\\/\"]}]},{\"@type\":\"BreadcrumbList\",\"@id\":\"https:\\\/\\\/circufash.eu\\\/ro\\\/politica-privind-cookie-urile\\\/#breadcrumb\",\"itemListElement\":[{\"@type\":\"ListItem\",\"position\":1,\"name\":\"Home\",\"item\":\"https:\\\/\\\/circufash.eu\\\/ro\\\/aspect-incadrat-al-paginii-de-pornire\\\/\"},{\"@type\":\"ListItem\",\"position\":2,\"name\":\"Politica privind cookie-urile\"}]},{\"@type\":\"WebSite\",\"@id\":\"https:\\\/\\\/circufash.eu\\\/ro\\\/#website\",\"url\":\"https:\\\/\\\/circufash.eu\\\/ro\\\/\",\"name\":\"circufash\",\"description\":\"Circular urban fashion: Europe inclusive renaissance\",\"publisher\":{\"@id\":\"https:\\\/\\\/circufash.eu\\\/ro\\\/#organization\"},\"potentialAction\":[{\"@type\":\"SearchAction\",\"target\":{\"@type\":\"EntryPoint\",\"urlTemplate\":\"https:\\\/\\\/circufash.eu\\\/ro\\\/?s={search_term_string}\"},\"query-input\":{\"@type\":\"PropertyValueSpecification\",\"valueRequired\":true,\"valueName\":\"search_term_string\"}}],\"inLanguage\":\"ro-RO\"},{\"@type\":\"Organization\",\"@id\":\"https:\\\/\\\/circufash.eu\\\/ro\\\/#organization\",\"name\":\"circufash\",\"url\":\"https:\\\/\\\/circufash.eu\\\/ro\\\/\",\"logo\":{\"@type\":\"ImageObject\",\"inLanguage\":\"ro-RO\",\"@id\":\"https:\\\/\\\/circufash.eu\\\/ro\\\/#\\\/schema\\\/logo\\\/image\\\/\",\"url\":\"https:\\\/\\\/circufash.eu\\\/wp-content\\\/uploads\\\/2026\\\/05\\\/CIRCUFash_tagline_orange_rgb.png\",\"contentUrl\":\"https:\\\/\\\/circufash.eu\\\/wp-content\\\/uploads\\\/2026\\\/05\\\/CIRCUFash_tagline_orange_rgb.png\",\"width\":1616,\"height\":1484,\"caption\":\"circufash\"},\"image\":{\"@id\":\"https:\\\/\\\/circufash.eu\\\/ro\\\/#\\\/schema\\\/logo\\\/image\\\/\"},\"sameAs\":[\"https:\\\/\\\/www.facebook.com\\\/profile.php?id=61577380356966\",\"https:\\\/\\\/www.instagram.com\\\/circufash\\\/\",\"https:\\\/\\\/www.linkedin.com\\\/company\\\/circufash\\\/posts\\\/?feedView=all\"]}]}<\/script>\n<!-- \/ Yoast SEO plugin. -->","yoast_head_json":{"title":"Politica privind cookie-urile - circufash","robots":{"index":"index","follow":"follow","max-snippet":"max-snippet:-1","max-image-preview":"max-image-preview:large","max-video-preview":"max-video-preview:-1"},"canonical":"https:\/\/circufash.eu\/ro\/politica-privind-cookie-urile\/","og_locale":"ro_RO","og_type":"article","og_title":"Politica privind cookie-urile - circufash","og_description":"[vc_row][vc_column][vc_column_text css=&#8221;&#8221;] Politica privind cookie-urile Ultima actualizare: 22 aprilie 2026 1. Introducere Prezenta Politic\u0103 privind cookie-urile explic\u0103 modul \u00een care proiectul CIRCUFash (\u201enoi\u201d, \u201ene\u201d, \u201eal nostru\u201d) utilizeaz\u0103 cookie-uri \u0219i tehnologii similare pe acest site web. CIRCUFash este un proiect cofinan\u021bat de Uniunea European\u0103 \u00een cadrul Programului Erasmus+. Con\u021binutul acestui site web reflect\u0103 exclusiv opiniile autorilor [&hellip;]","og_url":"https:\/\/circufash.eu\/ro\/politica-privind-cookie-urile\/","og_site_name":"circufash","article_publisher":"https:\/\/www.facebook.com\/profile.php?id=61577380356966","article_modified_time":"2026-04-24T15:12:00+00:00","twitter_card":"summary_large_image","twitter_misc":{"Timp estimat pentru citire":"3 minute"},"schema":{"@context":"https:\/\/schema.org","@graph":[{"@type":"WebPage","@id":"https:\/\/circufash.eu\/ro\/politica-privind-cookie-urile\/","url":"https:\/\/circufash.eu\/ro\/politica-privind-cookie-urile\/","name":"Politica privind cookie-urile - circufash","isPartOf":{"@id":"https:\/\/circufash.eu\/ro\/#website"},"datePublished":"2026-04-22T10:16:26+00:00","dateModified":"2026-04-24T15:12:00+00:00","breadcrumb":{"@id":"https:\/\/circufash.eu\/ro\/politica-privind-cookie-urile\/#breadcrumb"},"inLanguage":"ro-RO","potentialAction":[{"@type":"ReadAction","target":["https:\/\/circufash.eu\/ro\/politica-privind-cookie-urile\/"]}]},{"@type":"BreadcrumbList","@id":"https:\/\/circufash.eu\/ro\/politica-privind-cookie-urile\/#breadcrumb","itemListElement":[{"@type":"ListItem","position":1,"name":"Home","item":"https:\/\/circufash.eu\/ro\/aspect-incadrat-al-paginii-de-pornire\/"},{"@type":"ListItem","position":2,"name":"Politica privind cookie-urile"}]},{"@type":"WebSite","@id":"https:\/\/circufash.eu\/ro\/#website","url":"https:\/\/circufash.eu\/ro\/","name":"circufash","description":"Circular urban fashion: Europe inclusive renaissance","publisher":{"@id":"https:\/\/circufash.eu\/ro\/#organization"},"potentialAction":[{"@type":"SearchAction","target":{"@type":"EntryPoint","urlTemplate":"https:\/\/circufash.eu\/ro\/?s={search_term_string}"},"query-input":{"@type":"PropertyValueSpecification","valueRequired":true,"valueName":"search_term_string"}}],"inLanguage":"ro-RO"},{"@type":"Organization","@id":"https:\/\/circufash.eu\/ro\/#organization","name":"circufash","url":"https:\/\/circufash.eu\/ro\/","logo":{"@type":"ImageObject","inLanguage":"ro-RO","@id":"https:\/\/circufash.eu\/ro\/#\/schema\/logo\/image\/","url":"https:\/\/circufash.eu\/wp-content\/uploads\/2026\/05\/CIRCUFash_tagline_orange_rgb.png","contentUrl":"https:\/\/circufash.eu\/wp-content\/uploads\/2026\/05\/CIRCUFash_tagline_orange_rgb.png","width":1616,"height":1484,"caption":"circufash"},"image":{"@id":"https:\/\/circufash.eu\/ro\/#\/schema\/logo\/image\/"},"sameAs":["https:\/\/www.facebook.com\/profile.php?id=61577380356966","https:\/\/www.instagram.com\/circufash\/","https:\/\/www.linkedin.com\/company\/circufash\/posts\/?feedView=all"]}]}},"_links":{"self":[{"href":"https:\/\/circufash.eu\/ro\/wp-json\/wp\/v2\/pages\/4510","targetHints":{"allow":["GET"]}}],"collection":[{"href":"https:\/\/circufash.eu\/ro\/wp-json\/wp\/v2\/pages"}],"about":[{"href":"https:\/\/circufash.eu\/ro\/wp-json\/wp\/v2\/types\/page"}],"author":[{"embeddable":true,"href":"https:\/\/circufash.eu\/ro\/wp-json\/wp\/v2\/users\/1"}],"replies":[{"embeddable":true,"href":"https:\/\/circufash.eu\/ro\/wp-json\/wp\/v2\/comments?post=4510"}],"version-history":[{"count":2,"href":"https:\/\/circufash.eu\/ro\/wp-json\/wp\/v2\/pages\/4510\/revisions"}],"predecessor-version":[{"id":4512,"href":"https:\/\/circufash.eu\/ro\/wp-json\/wp\/v2\/pages\/4510\/revisions\/4512"}],"wp:attachment":[{"href":"https:\/\/circufash.eu\/ro\/wp-json\/wp\/v2\/media?parent=4510"}],"curies":[{"name":"wp","href":"https:\/\/api.w.org\/{rel}","templated":true}]}}