{"id":4402,"date":"2016-11-29T13:09:26","date_gmt":"2016-11-29T13:09:26","guid":{"rendered":"https:\/\/circufash.eu\/contact\/"},"modified":"2026-04-24T14:02:42","modified_gmt":"2026-04-24T14:02:42","slug":"contact","status":"publish","type":"page","link":"https:\/\/circufash.eu\/ro\/contact\/","title":{"rendered":"Contact"},"content":{"rendered":"<div class=\"wpb-content-wrapper\"><p>[vc_row section_type=&#8221;fullwidth&#8221; padding_top_multiplier=&#8221;&#8221; padding_bottom_multiplier=&#8221;&#8221;][vc_column width=&#8221;1\/3&#8243; tablet_width=&#8221;hide&#8221; mobile_width=&#8221;hide&#8221;][\/vc_column][vc_column width=&#8221;1\/3&#8243;]<h3 class=\"eut-element eut-title eut-align-left eut-h5\" style=\"\"><span><br>\n<h3>Trimite\u021bi-ne un mesaj<\/h3>\n<\/span><\/h3>\n<div class=\"wpcf7 no-js\" id=\"wpcf7-f4470-o1\" lang=\"ro-RO\" dir=\"ltr\" data-wpcf7-id=\"4470\">\n<div class=\"screen-reader-response\"><p role=\"status\" aria-live=\"polite\" aria-atomic=\"true\"><\/p> <ul><\/ul><\/div>\n<form action=\"\/ro\/wp-json\/wp\/v2\/pages\/4402#wpcf7-f4470-o1\" method=\"post\" class=\"wpcf7-form init\" aria-label=\"Formular de contact\" novalidate=\"novalidate\" data-status=\"init\">\n<fieldset class=\"hidden-fields-container\"><input type=\"hidden\" name=\"_wpcf7\" value=\"4470\" \/><input type=\"hidden\" name=\"_wpcf7_version\" value=\"6.1.5\" \/><input type=\"hidden\" name=\"_wpcf7_locale\" value=\"ro_RO\" \/><input type=\"hidden\" name=\"_wpcf7_unit_tag\" value=\"wpcf7-f4470-o1\" \/><input type=\"hidden\" name=\"_wpcf7_container_post\" value=\"0\" \/><input type=\"hidden\" name=\"_wpcf7_posted_data_hash\" value=\"\" \/>\n<\/fieldset>\n<div class=\"eut-form eut-fields-round\">\n\t<div class=\"eut-fields-wrapper\">\n\t\t<div>\n\t\t\t<p><span class=\"wpcf7-form-control-wrap\" data-name=\"your-name\"><input size=\"40\" maxlength=\"400\" class=\"wpcf7-form-control wpcf7-text wpcf7-validates-as-required\" aria-required=\"true\" aria-invalid=\"false\" placeholder=\"Numele dumneavoastr\u0103 (obligatoriu)\" value=\"\" type=\"text\" name=\"your-name\" \/><\/span>\n\t\t\t<\/p>\n\t\t<\/div>\n\t\t<div>\n\t\t\t<p><span class=\"wpcf7-form-control-wrap\" data-name=\"your-email\"><input size=\"40\" maxlength=\"400\" class=\"wpcf7-form-control wpcf7-email wpcf7-validates-as-required wpcf7-text wpcf7-validates-as-email\" aria-required=\"true\" aria-invalid=\"false\" placeholder=\"Adresa dumneavoastr\u0103 de e-mail (obligatoriu)\" value=\"\" type=\"email\" name=\"your-email\" \/><\/span>\n\t\t\t<\/p>\n\t\t<\/div>\n\t\t<div>\n\t\t\t<p><span class=\"wpcf7-form-control-wrap\" data-name=\"your-subject\"><input size=\"40\" maxlength=\"400\" class=\"wpcf7-form-control wpcf7-text\" aria-invalid=\"false\" placeholder=\"Subiect\" value=\"\" type=\"text\" name=\"your-subject\" \/><\/span>\n\t\t\t<\/p>\n\t\t<\/div>\n\t\t<div>\n\t\t\t<p><span class=\"wpcf7-form-control-wrap\" data-name=\"your-message\"><textarea cols=\"40\" rows=\"10\" maxlength=\"2000\" class=\"wpcf7-form-control wpcf7-textarea\" aria-invalid=\"false\" placeholder=\"Mesajul dumneavoastr\u0103\" name=\"your-message\"><\/textarea><\/span>\n\t\t\t<\/p>\n\t\t<\/div>\n\t\t<div>\n\t\t\t<p><input class=\"wpcf7-form-control wpcf7-submit has-spinner\" type=\"submit\" value=\"Trimite\u021bi mesajul\" \/>\n\t\t\t<\/p>\n\t\t<\/div>\n\t<\/div>\n<\/div><div class=\"wpcf7-response-output\" aria-hidden=\"true\"><\/div>\n<\/form>\n<\/div>\n<div class=\"eut-empty-space eut-height-2x\" style=\"\"><\/div>[\/vc_column][vc_column width=&#8221;1\/3&#8243;][\/vc_column][\/vc_row]<\/p>\n<\/div>","protected":false},"excerpt":{"rendered":"<p>O senin\u0103tate minunat\u0103 a cuprins \u00eentreaga mea fiin\u021b\u0103, asemenea acestor dimine\u021bi dulci de prim\u0103var\u0103 pe care le savurez din toat\u0103 inima. Sunt singur \u0219i simt farmecul existen\u021bei \u00een acest loc, care a fost creat pentru fericirea sufletelor ca al meu. <\/p>\n","protected":false},"author":1,"featured_media":0,"parent":0,"menu_order":0,"comment_status":"closed","ping_status":"closed","template":"","meta":{"footnotes":""},"class_list":["post-4402","page","type-page","status-publish","hentry"],"yoast_head":"<!-- This site is optimized with the Yoast SEO plugin v27.6 - https:\/\/yoast.com\/product\/yoast-seo-wordpress\/ -->\n<title>Contact - circufash<\/title>\n<meta name=\"robots\" content=\"index, follow, max-snippet:-1, max-image-preview:large, max-video-preview:-1\" \/>\n<link rel=\"canonical\" href=\"https:\/\/circufash.eu\/ro\/contact\/\" \/>\n<meta property=\"og:locale\" content=\"ro_RO\" \/>\n<meta property=\"og:type\" content=\"article\" \/>\n<meta property=\"og:title\" content=\"Contact - circufash\" \/>\n<meta property=\"og:description\" content=\"O senin\u0103tate minunat\u0103 a cuprins \u00eentreaga mea fiin\u021b\u0103, asemenea acestor dimine\u021bi dulci de prim\u0103var\u0103 pe care le savurez din toat\u0103 inima. Sunt singur \u0219i simt farmecul existen\u021bei \u00een acest loc, care a fost creat pentru fericirea sufletelor ca al meu.\" \/>\n<meta property=\"og:url\" content=\"https:\/\/circufash.eu\/ro\/contact\/\" \/>\n<meta property=\"og:site_name\" content=\"circufash\" \/>\n<meta property=\"article:publisher\" content=\"https:\/\/www.facebook.com\/profile.php?id=61577380356966\" \/>\n<meta property=\"article:modified_time\" content=\"2026-04-24T14:02:42+00:00\" \/>\n<meta name=\"twitter:card\" content=\"summary_large_image\" \/>\n<script type=\"application\/ld+json\" class=\"yoast-schema-graph\">{\"@context\":\"https:\\\/\\\/schema.org\",\"@graph\":[{\"@type\":\"WebPage\",\"@id\":\"https:\\\/\\\/circufash.eu\\\/ro\\\/contact\\\/\",\"url\":\"https:\\\/\\\/circufash.eu\\\/ro\\\/contact\\\/\",\"name\":\"Contact - circufash\",\"isPartOf\":{\"@id\":\"https:\\\/\\\/circufash.eu\\\/ro\\\/#website\"},\"datePublished\":\"2016-11-29T13:09:26+00:00\",\"dateModified\":\"2026-04-24T14:02:42+00:00\",\"breadcrumb\":{\"@id\":\"https:\\\/\\\/circufash.eu\\\/ro\\\/contact\\\/#breadcrumb\"},\"inLanguage\":\"ro-RO\",\"potentialAction\":[{\"@type\":\"ReadAction\",\"target\":[\"https:\\\/\\\/circufash.eu\\\/ro\\\/contact\\\/\"]}]},{\"@type\":\"BreadcrumbList\",\"@id\":\"https:\\\/\\\/circufash.eu\\\/ro\\\/contact\\\/#breadcrumb\",\"itemListElement\":[{\"@type\":\"ListItem\",\"position\":1,\"name\":\"Home\",\"item\":\"https:\\\/\\\/circufash.eu\\\/ro\\\/aspect-incadrat-al-paginii-de-pornire\\\/\"},{\"@type\":\"ListItem\",\"position\":2,\"name\":\"Contact\"}]},{\"@type\":\"WebSite\",\"@id\":\"https:\\\/\\\/circufash.eu\\\/ro\\\/#website\",\"url\":\"https:\\\/\\\/circufash.eu\\\/ro\\\/\",\"name\":\"circufash\",\"description\":\"Circular urban fashion: Europe inclusive renaissance\",\"publisher\":{\"@id\":\"https:\\\/\\\/circufash.eu\\\/ro\\\/#organization\"},\"potentialAction\":[{\"@type\":\"SearchAction\",\"target\":{\"@type\":\"EntryPoint\",\"urlTemplate\":\"https:\\\/\\\/circufash.eu\\\/ro\\\/?s={search_term_string}\"},\"query-input\":{\"@type\":\"PropertyValueSpecification\",\"valueRequired\":true,\"valueName\":\"search_term_string\"}}],\"inLanguage\":\"ro-RO\"},{\"@type\":\"Organization\",\"@id\":\"https:\\\/\\\/circufash.eu\\\/ro\\\/#organization\",\"name\":\"circufash\",\"url\":\"https:\\\/\\\/circufash.eu\\\/ro\\\/\",\"logo\":{\"@type\":\"ImageObject\",\"inLanguage\":\"ro-RO\",\"@id\":\"https:\\\/\\\/circufash.eu\\\/ro\\\/#\\\/schema\\\/logo\\\/image\\\/\",\"url\":\"https:\\\/\\\/circufash.eu\\\/wp-content\\\/uploads\\\/2026\\\/05\\\/CIRCUFash_tagline_orange_rgb.png\",\"contentUrl\":\"https:\\\/\\\/circufash.eu\\\/wp-content\\\/uploads\\\/2026\\\/05\\\/CIRCUFash_tagline_orange_rgb.png\",\"width\":1616,\"height\":1484,\"caption\":\"circufash\"},\"image\":{\"@id\":\"https:\\\/\\\/circufash.eu\\\/ro\\\/#\\\/schema\\\/logo\\\/image\\\/\"},\"sameAs\":[\"https:\\\/\\\/www.facebook.com\\\/profile.php?id=61577380356966\",\"https:\\\/\\\/www.instagram.com\\\/circufash\\\/\",\"https:\\\/\\\/www.linkedin.com\\\/company\\\/circufash\\\/posts\\\/?feedView=all\"]}]}<\/script>\n<!-- \/ Yoast SEO plugin. -->","yoast_head_json":{"title":"Contact - circufash","robots":{"index":"index","follow":"follow","max-snippet":"max-snippet:-1","max-image-preview":"max-image-preview:large","max-video-preview":"max-video-preview:-1"},"canonical":"https:\/\/circufash.eu\/ro\/contact\/","og_locale":"ro_RO","og_type":"article","og_title":"Contact - circufash","og_description":"O senin\u0103tate minunat\u0103 a cuprins \u00eentreaga mea fiin\u021b\u0103, asemenea acestor dimine\u021bi dulci de prim\u0103var\u0103 pe care le savurez din toat\u0103 inima. Sunt singur \u0219i simt farmecul existen\u021bei \u00een acest loc, care a fost creat pentru fericirea sufletelor ca al meu.","og_url":"https:\/\/circufash.eu\/ro\/contact\/","og_site_name":"circufash","article_publisher":"https:\/\/www.facebook.com\/profile.php?id=61577380356966","article_modified_time":"2026-04-24T14:02:42+00:00","twitter_card":"summary_large_image","schema":{"@context":"https:\/\/schema.org","@graph":[{"@type":"WebPage","@id":"https:\/\/circufash.eu\/ro\/contact\/","url":"https:\/\/circufash.eu\/ro\/contact\/","name":"Contact - circufash","isPartOf":{"@id":"https:\/\/circufash.eu\/ro\/#website"},"datePublished":"2016-11-29T13:09:26+00:00","dateModified":"2026-04-24T14:02:42+00:00","breadcrumb":{"@id":"https:\/\/circufash.eu\/ro\/contact\/#breadcrumb"},"inLanguage":"ro-RO","potentialAction":[{"@type":"ReadAction","target":["https:\/\/circufash.eu\/ro\/contact\/"]}]},{"@type":"BreadcrumbList","@id":"https:\/\/circufash.eu\/ro\/contact\/#breadcrumb","itemListElement":[{"@type":"ListItem","position":1,"name":"Home","item":"https:\/\/circufash.eu\/ro\/aspect-incadrat-al-paginii-de-pornire\/"},{"@type":"ListItem","position":2,"name":"Contact"}]},{"@type":"WebSite","@id":"https:\/\/circufash.eu\/ro\/#website","url":"https:\/\/circufash.eu\/ro\/","name":"circufash","description":"Circular urban fashion: Europe inclusive renaissance","publisher":{"@id":"https:\/\/circufash.eu\/ro\/#organization"},"potentialAction":[{"@type":"SearchAction","target":{"@type":"EntryPoint","urlTemplate":"https:\/\/circufash.eu\/ro\/?s={search_term_string}"},"query-input":{"@type":"PropertyValueSpecification","valueRequired":true,"valueName":"search_term_string"}}],"inLanguage":"ro-RO"},{"@type":"Organization","@id":"https:\/\/circufash.eu\/ro\/#organization","name":"circufash","url":"https:\/\/circufash.eu\/ro\/","logo":{"@type":"ImageObject","inLanguage":"ro-RO","@id":"https:\/\/circufash.eu\/ro\/#\/schema\/logo\/image\/","url":"https:\/\/circufash.eu\/wp-content\/uploads\/2026\/05\/CIRCUFash_tagline_orange_rgb.png","contentUrl":"https:\/\/circufash.eu\/wp-content\/uploads\/2026\/05\/CIRCUFash_tagline_orange_rgb.png","width":1616,"height":1484,"caption":"circufash"},"image":{"@id":"https:\/\/circufash.eu\/ro\/#\/schema\/logo\/image\/"},"sameAs":["https:\/\/www.facebook.com\/profile.php?id=61577380356966","https:\/\/www.instagram.com\/circufash\/","https:\/\/www.linkedin.com\/company\/circufash\/posts\/?feedView=all"]}]}},"_links":{"self":[{"href":"https:\/\/circufash.eu\/ro\/wp-json\/wp\/v2\/pages\/4402","targetHints":{"allow":["GET"]}}],"collection":[{"href":"https:\/\/circufash.eu\/ro\/wp-json\/wp\/v2\/pages"}],"about":[{"href":"https:\/\/circufash.eu\/ro\/wp-json\/wp\/v2\/types\/page"}],"author":[{"embeddable":true,"href":"https:\/\/circufash.eu\/ro\/wp-json\/wp\/v2\/users\/1"}],"replies":[{"embeddable":true,"href":"https:\/\/circufash.eu\/ro\/wp-json\/wp\/v2\/comments?post=4402"}],"version-history":[{"count":12,"href":"https:\/\/circufash.eu\/ro\/wp-json\/wp\/v2\/pages\/4402\/revisions"}],"predecessor-version":[{"id":4486,"href":"https:\/\/circufash.eu\/ro\/wp-json\/wp\/v2\/pages\/4402\/revisions\/4486"}],"wp:attachment":[{"href":"https:\/\/circufash.eu\/ro\/wp-json\/wp\/v2\/media?parent=4402"}],"curies":[{"name":"wp","href":"https:\/\/api.w.org\/{rel}","templated":true}]}}