{"id":4130,"date":"2017-01-26T11:25:03","date_gmt":"2017-01-26T11:25:03","guid":{"rendered":"https:\/\/circufash.eu\/aspect-incadrat-al-paginii-de-pornire\/"},"modified":"2026-05-09T09:07:11","modified_gmt":"2026-05-09T09:07:11","slug":"aspect-incadrat-al-paginii-de-pornire","status":"publish","type":"page","link":"https:\/\/circufash.eu\/ro\/","title":{"rendered":"Acas\u0103"},"content":{"rendered":"<div class=\"wpb-content-wrapper\"><p>[vc_row padding_top_multiplier=&#8221;6x&#8221; padding_bottom_multiplier=&#8221;2x&#8221;][vc_column width=&#8221;1\/12&#8243;][\/vc_column][vc_column width=&#8221;5\/6&#8243;]<h2 class=\"eut-element eut-title eut-align-center eut-animated-item eut-fade-in eut-duration-normal eut-h2\" style=\"\" data-delay=\"200\"><span>Industria textil\u0103 global\u0103 este unul dintre cei mai mari poluan\u021bi ai lumii \u0219i se bazeaz\u0103 adesea pe lan\u021buri de for\u021b\u0103 de munc\u0103 opace \u0219i exploatatoare. \u00cen acela\u0219i timp, popula\u021biile marginalizate din ora\u0219ele europene nu au acces la formare profesional\u0103 de \u00eenalt\u0103 valoare care s\u0103 combine me\u0219te\u0219ugul tradi\u021bional cu tehnologia circular\u0103 modern\u0103.<\/span><\/h2><div class=\"eut-empty-space eut-height-2x\" style=\"\"><\/div>[\/vc_column][vc_column width=&#8221;1\/12&#8243;][\/vc_column][\/vc_row][vc_row bg_type=&#8221;color&#8221; padding_top_multiplier=&#8221;&#8221; bg_color=&#8221;#F95E52&#8243;][vc_column width=&#8221;1\/12&#8243; css=&#8221;.vc_custom_1776776367908{background-color: #FFFFFF00 !important;}&#8221;][\/vc_column][vc_column width=&#8221;5\/6&#8243; css=&#8221;.vc_custom_1776777012023{margin-top: 0px !important;border-top-width: 0px !important;padding-top: 0px !important;}&#8221;]<h2 class=\"eut-element eut-title eut-align-center eut-h2\" style=\"\"><span><br>\n<h1><span style=\"color: #ffffff;\">Ce este CIRCUFash?<\/span><\/h1>\n<\/span><\/h2><h2 class=\"eut-element eut-title eut-align-center eut-animated-item eut-fade-in eut-duration-normal eut-h2\" style=\"\" data-delay=\"200\"><span>CIRCUFash este un proiect european finan\u021bat prin programul Erasmus+, care implementeaz\u0103 Urban Fashion Labs ca hub-uri locale pentru micro-produc\u021bia circular\u0103. Acesta utilizeaz\u0103 \u0218tiin\u021ba Cet\u0103\u021beneasc\u0103 pentru a colecta date despre de\u0219eurile textile \u0219i comportamentul consumatorilor, transform\u00e2nd publicul \u00een participan\u021bi activi la tranzi\u021bia circular\u0103.<\/span><\/h2><div class=\"eut-element eut-align-center eut-animated-item eut-fade-in-up eut-duration-normal\" data-delay=\"600\"><a href=\"https:\/\/circufash.eu\/ro\/despre-noi\/\" title=\"Despre\" class=\"eut-btn eut-btn-medium eut-square eut-bg-white eut-bg-hover-black\" style=\"margin-bottom: 0px;\"><span>Afla\u021bi mai multe despre<\/span><\/a><\/div><div class=\"eut-empty-space eut-height-1x\" style=\"\"><\/div>[\/vc_column][vc_column width=&#8221;1\/12&#8243; css=&#8221;.vc_custom_1776776343722{background-color: #FFFFFF00 !important;}&#8221;][\/vc_column][\/vc_row][vc_row padding_bottom_multiplier=&#8221;2x&#8221; columns_gap=&#8221;none&#8221;][vc_column width=&#8221;1\/12&#8243;][\/vc_column][vc_column width=&#8221;5\/6&#8243; css=&#8221;.vc_custom_1776782733558{margin-top: 0px !important;border-top-width: 0px !important;padding-top: 0px !important;}&#8221;]<div class=\"eut-empty-space eut-height-2x\" style=\"\"><\/div><h2 class=\"eut-element eut-title eut-align-center eut-h2\" style=\"margin-bottom: 0px;\"><span><br>\n<h1><span style=\"color: #f8522f;\">Descoperi\u021bi Programul Erasmus+<\/span><\/h1>\n<\/span><\/h2><h6 class=\"eut-element eut-title eut-align-center eut-animated-item eut-fade-in eut-duration-normal eut-h6\" style=\"\" data-delay=\"200\"><span><br>\n<h6>Erasmus+ este programul Uniunii Europene pentru educa\u021bie, formare, tineret \u0219i sport. Acesta promoveaz\u0103 incluziunea, inovarea \u0219i cet\u0103\u021benia activ\u0103, oferind oportunit\u0103\u021bi de \u00eenv\u0103\u021bare tinerilor, educatorilor \u0219i organiza\u021biilor. Prin proiecte interna\u021bionale, Erasmus+ sprijin\u0103 cooperarea \u00eentre organiza\u021bii din diferite \u021b\u0103ri, schimbul de bune practici \u0219i dezvoltarea competen\u021belor transversale.<\/h6>\n<\/span><\/h6><div class=\"eut-element eut-align-center eut-animated-item eut-fade-in-up eut-duration-normal\" data-delay=\"600\"><a href=\"https:\/\/erasmus-plus.ec.europa.eu\/\" target=\"_blank\" class=\"eut-btn eut-btn-medium eut-square eut-bg-primary-1 eut-bg-hover-white\"><span>Afla\u021bi mai multe despre<\/span><\/a><\/div><div class=\"eut-empty-space eut-height-4x\" style=\"\"><\/div>[\/vc_column][vc_column width=&#8221;1\/12&#8243;][\/vc_column][\/vc_row][vc_row heading_color=&#8221;light&#8221; section_type=&#8221;fullwidth&#8221; bg_type=&#8221;color&#8221; padding_top_multiplier=&#8221;&#8221; padding_bottom_multiplier=&#8221;&#8221; columns_gap=&#8221;none&#8221; equal_column_height=&#8221;middle-content&#8221; font_color=&#8221;#ffffff&#8221; bg_color=&#8221;#1b272b&#8221;][vc_column width=&#8221;1\/2&#8243; css=&#8221;.vc_custom_1485431686119{padding-top: 5% !important;padding-right: 12% !important;padding-bottom: 5% !important;padding-left: 12% !important;}&#8221;]<div class=\"eut-empty-space eut-height-6x\" style=\"\"><\/div><h4 class=\"eut-element eut-title eut-align-center eut-h4\" style=\"\"><span>FACE\u021aI CUNO\u0218TIN\u021a\u0102 CU PARTENERII<\/span><\/h4>[vc_column_text css=&#8221;&#8221; text_style=&#8221;leader-text&#8221; animation=&#8221;eut-fade-in-up&#8221; animation_delay=&#8221;400&#8243;]<\/p>\n<p style=\"text-align: center;\">Prin construirea de parteneriate \u00een Fran\u021ba, Grecia, Rom\u00e2nia \u0219i \u021a\u0103rile de Jos, CIRCUFash creeaz\u0103 un impact de durat\u0103 at\u00e2t la nivel local, c\u00e2t \u0219i \u00een \u00eentreaga Europ\u0103.<\/p>\n<p>[\/vc_column_text]<div class=\"eut-empty-space eut-height-1x\" style=\"\"><\/div><div class=\"eut-element eut-align-center eut-animated-item eut-zoom-in eut-duration-normal\" data-delay=\"600\"><a href=\"https:\/\/circufash.eu\/ro\/despre-noi\/#the-partners\" rel=\"nofollow\" class=\"eut-btn eut-btn-medium eut-square eut-bg-primary-1 eut-bg-hover-white\"><span>Afla\u021bi mai multe despre<\/span><\/a><\/div><div class=\"eut-empty-space eut-height-6x\" style=\"\"><\/div>[\/vc_column][vc_column width=&#8221;1\/2&#8243; css=&#8221;.vc_custom_1775574098977{background-image: url(https:\/\/circufash.eu\/wp-content\/uploads\/2026\/04\/IMG_5222-copie-scaled.jpg?id=3732) !important;background-position: center !important;background-repeat: no-repeat !important;background-size: cover !important;}&#8221;][\/vc_column][\/vc_row][vc_row padding_top_multiplier=&#8221;6x&#8221; padding_bottom_multiplier=&#8221;2x&#8221;][vc_column][vc_column_text css=&#8221;&#8221;]<\/p>\n<h1 style=\"text-align: center;\"><a class=\"eut-modal-popup\" href=\"#contact-form\">R\u0103m\u00e2ne\u021bi informat(\u0103), r\u0103m\u00e2ne\u021bi inspirat(\u0103).<\/a><\/h1>\n<p>[\/vc_column_text][vc_column_text css=&#8221;.vc_custom_1777031280457{margin-bottom: 0px !important;}&#8221;]<\/p>\n<p style=\"text-align: center;\">Abona\u021bi-v\u0103 pentru a urm\u0103ri ideile, oamenii \u0219i ac\u021biunile care construiesc o industrie a modei mai circular\u0103 \u0219i mai incluziv\u0103.<\/p>\n<p>[\/vc_column_text][\/vc_column][\/vc_row][vc_row padding_top_multiplier=&#8221;&#8221; padding_bottom_multiplier=&#8221;&#8221;][vc_column]\t\t\t<div class=\"eut-modal-element mfp-hide\" id=\"contact-form\">\r\n\t\t\t\t<div class=\"eut-section eut-modal-section\">\r\n\t\t\t\t\t<div class=\"eut-container\">\r\n\t\t\t\t\t\t<div class=\"eut-row eut-columns-gap-30\">\r\n\t\t\t\t\t\t\t<div class=\"eut-column eut-column-1\">\r\n\t\t\t\t\t\t\t[vc_row_inner][vc_column_inner width=&#8221;1\/6&#8243;][\/vc_column_inner][vc_column_inner width=&#8221;2\/3&#8243;]<h3 class=\"eut-element eut-title eut-align-left eut-h2\" style=\"\"><span><br>\n<h3>\u00censcrie\u021bi-v\u0103 pentru \u0219tiri, perspective \u0219i oportunit\u0103\u021bi selectate \u00een moda urban\u0103 circular\u0103.<\/h3>\n<\/span><\/h3>[vc_column_text css=&#8221;&#8221; text_style=&#8221;leader-text&#8221;][\/vc_column_text][vc_column_text css=&#8221;&#8221;]<script>(function() {\n\twindow.mc4wp = window.mc4wp || {\n\t\tlisteners: [],\n\t\tforms: {\n\t\t\ton: function(evt, cb) {\n\t\t\t\twindow.mc4wp.listeners.push(\n\t\t\t\t\t{\n\t\t\t\t\t\tevent   : evt,\n\t\t\t\t\t\tcallback: cb\n\t\t\t\t\t}\n\t\t\t\t);\n\t\t\t}\n\t\t}\n\t}\n})();\n<\/script><!-- Mailchimp for WordPress v4.12.5 - https:\/\/wordpress.org\/plugins\/mailchimp-for-wp\/ --><form id=\"mc4wp-form-1\" class=\"mc4wp-form mc4wp-form-4489 mc4wp-form-theme mc4wp-form-theme-dark\" method=\"post\" data-id=\"4489\" data-name=\"Buletin informativ\" data-typo-check=\"1\" ><div class=\"mc4wp-form-fields\"><p>\n    \n<\/p><p>\n    <label>Prenume<\/label>\n    <input type=\"text\" name=\"FNAME\" autocomplete=\"given-name\" required=\"\">\n<\/p>\n<p>\n    <label>Nume de familie<\/label>\n    <input type=\"text\" name=\"LNAME\" autocomplete=\"family-name\" required=\"\">\n<\/p>\n   <p>\n    <label>Adres\u0103 de e-mail<\/label>\n    <input type=\"email\" name=\"EMAIL\" autocomplete=\"email\" required=\"\">\n<\/p>\n\n\n<p>\n<p>\n    <input type=\"submit\" value=\"Abonare\"><\/div><label style=\"display: none !important;\">Leave this field empty if you're human: <input type=\"text\" name=\"_mc4wp_honeypot\" value=\"\" tabindex=\"-1\" autocomplete=\"off\" \/><\/label><input type=\"hidden\" name=\"_mc4wp_timestamp\" value=\"1778676825\" \/><input type=\"hidden\" name=\"_mc4wp_form_id\" value=\"4489\" \/><input type=\"hidden\" name=\"_mc4wp_form_element_id\" value=\"mc4wp-form-1\" \/><div class=\"mc4wp-response\"><\/div><\/form><!-- \/ Mailchimp for WordPress Plugin -->[\/vc_column_text][\/vc_column_inner][vc_column_inner width=&#8221;1\/6&#8243;][\/vc_column_inner][\/vc_row_inner]\t\t\t\t\t\t\t<\/div>\r\n\t\t\t\t\t\t<\/div>\r\n\t\t\t\t\t<\/div>\r\n\t\t\t\t<\/div>\r\n\t\t\t<\/div>\r\n\t\t[\/vc_column][\/vc_row][vc_row padding_top_multiplier=&#8221;4x&#8221;][vc_column]<div class=\"eut-element eut-divider\" style=\"padding-top: 0px;padding-bottom: 6xpx;\"><div class=\"eut-line-divider eut-border\"><\/div><\/div><div class=\"eut-empty-space eut-height-3x\" style=\"\"><\/div><h3 class=\"eut-element eut-title eut-align-center eut-animated-item eut-zoom-in eut-duration-normal eut-h4\" style=\"\" data-delay=\"200\"><span><br>\n<h2><a href=\"https:\/\/circufash.eu\/ro\/despre-noi\/#the-partners\">PARTENERII<\/a><\/h2>\n<\/span><\/h3>[\/vc_column][\/vc_row][vc_row padding_top_multiplier=&#8221;&#8221; padding_bottom_multiplier=&#8221;5x&#8221; columns_gap=&#8221;none&#8221;][vc_column width=&#8221;1\/5&#8243; tablet_sm_width=&#8221;1-4&#8243;]<div class=\"eut-element eut-image eut-animated-item eut-fade-in eut-duration-normal eut-align-center\" style=\"\" data-delay=\"200\">  <div class=\"eut-image-wrapper\"><a href=\"https:\/\/circufash.eu\/about-us\/#the-partners\"><img loading=\"lazy\" decoding=\"async\" width=\"195\" height=\"195\" src=\"https:\/\/circufash.eu\/wp-content\/uploads\/2026\/04\/Amfi_home-copie.png\" class=\"attachment-full size-full\" alt=\"\" srcset=\"https:\/\/circufash.eu\/wp-content\/uploads\/2026\/04\/Amfi_home-copie.png 1x,https:\/\/circufash.eu\/wp-content\/uploads\/2026\/04\/Amfi_home.png 2x\" \/><\/a>   <\/div><\/div>[\/vc_column][vc_column width=&#8221;1\/5&#8243; tablet_sm_width=&#8221;1-4&#8243; css=&#8221;.vc_custom_1775575164968{background-image: url(https:\/\/circufash.eu\/wp-content\/uploads\/2026\/04\/Cedecs_TCBL_sq.jpg?id=3734) !important;}&#8221;]<div class=\"eut-element eut-image eut-animated-item eut-fade-in eut-duration-normal eut-grayscale-image-hover eut-align-center\" style=\"\" data-delay=\"400\">  <div class=\"eut-image-wrapper\"><a href=\"https:\/\/circufash.eu\/about-us\/#the-partners\"><img loading=\"lazy\" decoding=\"async\" width=\"195\" height=\"195\" src=\"https:\/\/circufash.eu\/wp-content\/uploads\/2026\/04\/Cedecs_home-copie.png\" class=\"attachment-full size-full\" alt=\"\" srcset=\"https:\/\/circufash.eu\/wp-content\/uploads\/2026\/04\/Cedecs_home-copie.png 1x,https:\/\/circufash.eu\/wp-content\/uploads\/2026\/04\/Cedecs_home.png 2x\" \/><\/a>   <\/div><\/div>[\/vc_column][vc_column width=&#8221;1\/5&#8243; tablet_sm_width=&#8221;1-4&#8243;]<div class=\"eut-element eut-image eut-animated-item eut-fade-in eut-duration-normal eut-grayscale-image eut-align-center\" style=\"\" data-delay=\"600\">  <div class=\"eut-image-wrapper\"><a href=\"https:\/\/circufash.eu\/ro\/despre-noi\/#the-partners\" title=\"Despre Noi\" rel=\"nofollow\"><img loading=\"lazy\" decoding=\"async\" width=\"195\" height=\"195\" src=\"https:\/\/circufash.eu\/wp-content\/uploads\/2026\/04\/FRF_home-copie.png\" class=\"attachment-full size-full\" alt=\"\" srcset=\"https:\/\/circufash.eu\/wp-content\/uploads\/2026\/04\/FRF_home-copie.png 1x,https:\/\/circufash.eu\/wp-content\/uploads\/2026\/04\/FRF_home.png 2x\" \/><\/a>   <\/div><\/div>[\/vc_column][vc_column width=&#8221;1\/5&#8243; tablet_sm_width=&#8221;1-4&#8243;]<div class=\"eut-element eut-image eut-animated-item eut-fade-in eut-duration-normal eut-grayscale-image-hover eut-align-center\" style=\"\" data-delay=\"800\">  <div class=\"eut-image-wrapper\"><a href=\"https:\/\/circufash.eu\/ro\/despre-noi\/#the-partners\" rel=\"nofollow\"><img loading=\"lazy\" decoding=\"async\" width=\"195\" height=\"195\" src=\"https:\/\/circufash.eu\/wp-content\/uploads\/2026\/04\/Soffa_home_s.png\" class=\"attachment-full size-full\" alt=\"\" srcset=\"https:\/\/circufash.eu\/wp-content\/uploads\/2026\/04\/Soffa_home_s.png 1x,https:\/\/circufash.eu\/wp-content\/uploads\/2026\/04\/Soffa_home-2.png 2x\" \/><\/a>   <\/div><\/div>[\/vc_column][vc_column width=&#8221;1\/5&#8243; tablet_sm_width=&#8221;1-4&#8243; mobile_text_align=&#8221;center&#8221; text_align=&#8221;center&#8221;]<div class=\"eut-element eut-image eut-animated-item eut-fade-in eut-duration-normal eut-grayscale-image-hover eut-align-center\" style=\"\" data-delay=\"1000\">  <div class=\"eut-image-wrapper\"><a href=\"https:\/\/circufash.eu\/ro\/despre-noi\/#the-partners\"><img loading=\"lazy\" decoding=\"async\" width=\"195\" height=\"195\" src=\"https:\/\/circufash.eu\/wp-content\/uploads\/2026\/04\/ULBS_home-copie.png\" class=\"attachment-full size-full\" alt=\"\" srcset=\"https:\/\/circufash.eu\/wp-content\/uploads\/2026\/04\/ULBS_home-copie.png 1x,https:\/\/circufash.eu\/wp-content\/uploads\/2026\/04\/ULBS_home.png 2x\" \/><\/a>   <\/div><\/div>[\/vc_column][\/vc_row]<\/p>\n<\/div>","protected":false},"excerpt":{"rendered":"<p>[vc_row padding_top_multiplier=&#8221;6x&#8221; padding_bottom_multiplier=&#8221;2x&#8221;][vc_column width=&#8221;1\/12&#8243;][\/vc_column][vc_column width=&#8221;5\/6&#8243;][\/vc_column][vc_column width=&#8221;1\/12&#8243;][\/vc_column][\/vc_row][vc_row bg_type=&#8221;color&#8221; padding_top_multiplier=&#8221;&#8221; bg_color=&#8221;#F95E52&#8243;][vc_column width=&#8221;1\/12&#8243; css=&#8221;.vc_custom_1776776367908{background-color: #FFFFFF00 !important;}&#8221;][\/vc_column][vc_column width=&#8221;5\/6&#8243; css=&#8221;.vc_custom_1776777012023{margin-top: 0px !important;border-top-width: 0px !important;padding-top: 0px !important;}&#8221;][\/vc_column][vc_column width=&#8221;1\/12&#8243; css=&#8221;.vc_custom_1776776343722{background-color: #FFFFFF00 !important;}&#8221;][\/vc_column][\/vc_row][vc_row padding_bottom_multiplier=&#8221;2x&#8221; columns_gap=&#8221;none&#8221;][vc_column width=&#8221;1\/12&#8243;][\/vc_column][vc_column width=&#8221;5\/6&#8243; css=&#8221;.vc_custom_1776782733558{margin-top: 0px !important;border-top-width: 0px !important;padding-top: 0px !important;}&#8221;][\/vc_column][vc_column width=&#8221;1\/12&#8243;][\/vc_column][\/vc_row][vc_row heading_color=&#8221;light&#8221; section_type=&#8221;fullwidth&#8221; bg_type=&#8221;color&#8221; padding_top_multiplier=&#8221;&#8221; padding_bottom_multiplier=&#8221;&#8221; columns_gap=&#8221;none&#8221; equal_column_height=&#8221;middle-content&#8221; font_color=&#8221;#ffffff&#8221; bg_color=&#8221;#1b272b&#8221;][vc_column width=&#8221;1\/2&#8243; css=&#8221;.vc_custom_1485431686119{padding-top: 5% !important;padding-right: 12% !important;padding-bottom: 5% !important;padding-left: 12% [&hellip;]<\/p>\n","protected":false},"author":1,"featured_media":0,"parent":0,"menu_order":0,"comment_status":"closed","ping_status":"closed","template":"","meta":{"footnotes":""},"class_list":["post-4130","page","type-page","status-publish","hentry"],"yoast_head":"<!-- This site is optimized with the Yoast SEO plugin v27.6 - https:\/\/yoast.com\/product\/yoast-seo-wordpress\/ -->\n<title>Acas\u0103 - circufash<\/title>\n<meta name=\"robots\" content=\"index, follow, max-snippet:-1, max-image-preview:large, max-video-preview:-1\" \/>\n<link rel=\"canonical\" href=\"https:\/\/circufash.eu\/ro\/\" \/>\n<meta property=\"og:locale\" content=\"ro_RO\" \/>\n<meta property=\"og:type\" content=\"article\" \/>\n<meta property=\"og:title\" content=\"Acas\u0103 - circufash\" \/>\n<meta property=\"og:description\" content=\"[vc_row padding_top_multiplier=&#8221;6x&#8221; padding_bottom_multiplier=&#8221;2x&#8221;][vc_column width=&#8221;1\/12&#8243;][\/vc_column][vc_column width=&#8221;5\/6&#8243;][\/vc_column][vc_column width=&#8221;1\/12&#8243;][\/vc_column][\/vc_row][vc_row bg_type=&#8221;color&#8221; padding_top_multiplier=&#8221;&#8221; bg_color=&#8221;#F95E52&#8243;][vc_column width=&#8221;1\/12&#8243; css=&#8221;.vc_custom_1776776367908{background-color: #FFFFFF00 !important;}&#8221;][\/vc_column][vc_column width=&#8221;5\/6&#8243; css=&#8221;.vc_custom_1776777012023{margin-top: 0px !important;border-top-width: 0px !important;padding-top: 0px !important;}&#8221;][\/vc_column][vc_column width=&#8221;1\/12&#8243; css=&#8221;.vc_custom_1776776343722{background-color: #FFFFFF00 !important;}&#8221;][\/vc_column][\/vc_row][vc_row padding_bottom_multiplier=&#8221;2x&#8221; columns_gap=&#8221;none&#8221;][vc_column width=&#8221;1\/12&#8243;][\/vc_column][vc_column width=&#8221;5\/6&#8243; css=&#8221;.vc_custom_1776782733558{margin-top: 0px !important;border-top-width: 0px !important;padding-top: 0px !important;}&#8221;][\/vc_column][vc_column width=&#8221;1\/12&#8243;][\/vc_column][\/vc_row][vc_row heading_color=&#8221;light&#8221; section_type=&#8221;fullwidth&#8221; bg_type=&#8221;color&#8221; padding_top_multiplier=&#8221;&#8221; padding_bottom_multiplier=&#8221;&#8221; columns_gap=&#8221;none&#8221; equal_column_height=&#8221;middle-content&#8221; font_color=&#8221;#ffffff&#8221; bg_color=&#8221;#1b272b&#8221;][vc_column width=&#8221;1\/2&#8243; css=&#8221;.vc_custom_1485431686119{padding-top: 5% !important;padding-right: 12% !important;padding-bottom: 5% !important;padding-left: 12% [&hellip;]\" \/>\n<meta property=\"og:url\" content=\"https:\/\/circufash.eu\/ro\/\" \/>\n<meta property=\"og:site_name\" content=\"circufash\" \/>\n<meta property=\"article:publisher\" content=\"https:\/\/www.facebook.com\/profile.php?id=61577380356966\" \/>\n<meta property=\"article:modified_time\" content=\"2026-05-09T09:07:11+00:00\" \/>\n<meta name=\"twitter:card\" content=\"summary_large_image\" \/>\n<meta name=\"twitter:label1\" content=\"Timp estimat pentru citire\" \/>\n\t<meta name=\"twitter:data1\" content=\"5 minute\" \/>\n<script type=\"application\/ld+json\" class=\"yoast-schema-graph\">{\"@context\":\"https:\\\/\\\/schema.org\",\"@graph\":[{\"@type\":\"WebPage\",\"@id\":\"https:\\\/\\\/circufash.eu\\\/ro\\\/\",\"url\":\"https:\\\/\\\/circufash.eu\\\/ro\\\/\",\"name\":\"Acas\u0103 - circufash\",\"isPartOf\":{\"@id\":\"https:\\\/\\\/circufash.eu\\\/ro\\\/#website\"},\"datePublished\":\"2017-01-26T11:25:03+00:00\",\"dateModified\":\"2026-05-09T09:07:11+00:00\",\"breadcrumb\":{\"@id\":\"https:\\\/\\\/circufash.eu\\\/ro\\\/#breadcrumb\"},\"inLanguage\":\"ro-RO\",\"potentialAction\":[{\"@type\":\"ReadAction\",\"target\":[\"https:\\\/\\\/circufash.eu\\\/ro\\\/\"]}]},{\"@type\":\"BreadcrumbList\",\"@id\":\"https:\\\/\\\/circufash.eu\\\/ro\\\/#breadcrumb\",\"itemListElement\":[{\"@type\":\"ListItem\",\"position\":1,\"name\":\"Home\",\"item\":\"https:\\\/\\\/circufash.eu\\\/ro\\\/aspect-incadrat-al-paginii-de-pornire\\\/\"},{\"@type\":\"ListItem\",\"position\":2,\"name\":\"Acas\u0103\"}]},{\"@type\":\"WebSite\",\"@id\":\"https:\\\/\\\/circufash.eu\\\/ro\\\/#website\",\"url\":\"https:\\\/\\\/circufash.eu\\\/ro\\\/\",\"name\":\"circufash\",\"description\":\"Circular urban fashion: Europe inclusive renaissance\",\"publisher\":{\"@id\":\"https:\\\/\\\/circufash.eu\\\/ro\\\/#organization\"},\"potentialAction\":[{\"@type\":\"SearchAction\",\"target\":{\"@type\":\"EntryPoint\",\"urlTemplate\":\"https:\\\/\\\/circufash.eu\\\/ro\\\/?s={search_term_string}\"},\"query-input\":{\"@type\":\"PropertyValueSpecification\",\"valueRequired\":true,\"valueName\":\"search_term_string\"}}],\"inLanguage\":\"ro-RO\"},{\"@type\":\"Organization\",\"@id\":\"https:\\\/\\\/circufash.eu\\\/ro\\\/#organization\",\"name\":\"circufash\",\"url\":\"https:\\\/\\\/circufash.eu\\\/ro\\\/\",\"logo\":{\"@type\":\"ImageObject\",\"inLanguage\":\"ro-RO\",\"@id\":\"https:\\\/\\\/circufash.eu\\\/ro\\\/#\\\/schema\\\/logo\\\/image\\\/\",\"url\":\"https:\\\/\\\/circufash.eu\\\/wp-content\\\/uploads\\\/2026\\\/05\\\/CIRCUFash_tagline_orange_rgb.png\",\"contentUrl\":\"https:\\\/\\\/circufash.eu\\\/wp-content\\\/uploads\\\/2026\\\/05\\\/CIRCUFash_tagline_orange_rgb.png\",\"width\":1616,\"height\":1484,\"caption\":\"circufash\"},\"image\":{\"@id\":\"https:\\\/\\\/circufash.eu\\\/ro\\\/#\\\/schema\\\/logo\\\/image\\\/\"},\"sameAs\":[\"https:\\\/\\\/www.facebook.com\\\/profile.php?id=61577380356966\",\"https:\\\/\\\/www.instagram.com\\\/circufash\\\/\",\"https:\\\/\\\/www.linkedin.com\\\/company\\\/circufash\\\/posts\\\/?feedView=all\"]}]}<\/script>\n<!-- \/ Yoast SEO plugin. -->","yoast_head_json":{"title":"Acas\u0103 - circufash","robots":{"index":"index","follow":"follow","max-snippet":"max-snippet:-1","max-image-preview":"max-image-preview:large","max-video-preview":"max-video-preview:-1"},"canonical":"https:\/\/circufash.eu\/ro\/","og_locale":"ro_RO","og_type":"article","og_title":"Acas\u0103 - circufash","og_description":"[vc_row padding_top_multiplier=&#8221;6x&#8221; padding_bottom_multiplier=&#8221;2x&#8221;][vc_column width=&#8221;1\/12&#8243;][\/vc_column][vc_column width=&#8221;5\/6&#8243;][\/vc_column][vc_column width=&#8221;1\/12&#8243;][\/vc_column][\/vc_row][vc_row bg_type=&#8221;color&#8221; padding_top_multiplier=&#8221;&#8221; bg_color=&#8221;#F95E52&#8243;][vc_column width=&#8221;1\/12&#8243; css=&#8221;.vc_custom_1776776367908{background-color: #FFFFFF00 !important;}&#8221;][\/vc_column][vc_column width=&#8221;5\/6&#8243; css=&#8221;.vc_custom_1776777012023{margin-top: 0px !important;border-top-width: 0px !important;padding-top: 0px !important;}&#8221;][\/vc_column][vc_column width=&#8221;1\/12&#8243; css=&#8221;.vc_custom_1776776343722{background-color: #FFFFFF00 !important;}&#8221;][\/vc_column][\/vc_row][vc_row padding_bottom_multiplier=&#8221;2x&#8221; columns_gap=&#8221;none&#8221;][vc_column width=&#8221;1\/12&#8243;][\/vc_column][vc_column width=&#8221;5\/6&#8243; css=&#8221;.vc_custom_1776782733558{margin-top: 0px !important;border-top-width: 0px !important;padding-top: 0px !important;}&#8221;][\/vc_column][vc_column width=&#8221;1\/12&#8243;][\/vc_column][\/vc_row][vc_row heading_color=&#8221;light&#8221; section_type=&#8221;fullwidth&#8221; bg_type=&#8221;color&#8221; padding_top_multiplier=&#8221;&#8221; padding_bottom_multiplier=&#8221;&#8221; columns_gap=&#8221;none&#8221; equal_column_height=&#8221;middle-content&#8221; font_color=&#8221;#ffffff&#8221; bg_color=&#8221;#1b272b&#8221;][vc_column width=&#8221;1\/2&#8243; css=&#8221;.vc_custom_1485431686119{padding-top: 5% !important;padding-right: 12% !important;padding-bottom: 5% !important;padding-left: 12% [&hellip;]","og_url":"https:\/\/circufash.eu\/ro\/","og_site_name":"circufash","article_publisher":"https:\/\/www.facebook.com\/profile.php?id=61577380356966","article_modified_time":"2026-05-09T09:07:11+00:00","twitter_card":"summary_large_image","twitter_misc":{"Timp estimat pentru citire":"5 minute"},"schema":{"@context":"https:\/\/schema.org","@graph":[{"@type":"WebPage","@id":"https:\/\/circufash.eu\/ro\/","url":"https:\/\/circufash.eu\/ro\/","name":"Acas\u0103 - circufash","isPartOf":{"@id":"https:\/\/circufash.eu\/ro\/#website"},"datePublished":"2017-01-26T11:25:03+00:00","dateModified":"2026-05-09T09:07:11+00:00","breadcrumb":{"@id":"https:\/\/circufash.eu\/ro\/#breadcrumb"},"inLanguage":"ro-RO","potentialAction":[{"@type":"ReadAction","target":["https:\/\/circufash.eu\/ro\/"]}]},{"@type":"BreadcrumbList","@id":"https:\/\/circufash.eu\/ro\/#breadcrumb","itemListElement":[{"@type":"ListItem","position":1,"name":"Home","item":"https:\/\/circufash.eu\/ro\/aspect-incadrat-al-paginii-de-pornire\/"},{"@type":"ListItem","position":2,"name":"Acas\u0103"}]},{"@type":"WebSite","@id":"https:\/\/circufash.eu\/ro\/#website","url":"https:\/\/circufash.eu\/ro\/","name":"circufash","description":"Circular urban fashion: Europe inclusive renaissance","publisher":{"@id":"https:\/\/circufash.eu\/ro\/#organization"},"potentialAction":[{"@type":"SearchAction","target":{"@type":"EntryPoint","urlTemplate":"https:\/\/circufash.eu\/ro\/?s={search_term_string}"},"query-input":{"@type":"PropertyValueSpecification","valueRequired":true,"valueName":"search_term_string"}}],"inLanguage":"ro-RO"},{"@type":"Organization","@id":"https:\/\/circufash.eu\/ro\/#organization","name":"circufash","url":"https:\/\/circufash.eu\/ro\/","logo":{"@type":"ImageObject","inLanguage":"ro-RO","@id":"https:\/\/circufash.eu\/ro\/#\/schema\/logo\/image\/","url":"https:\/\/circufash.eu\/wp-content\/uploads\/2026\/05\/CIRCUFash_tagline_orange_rgb.png","contentUrl":"https:\/\/circufash.eu\/wp-content\/uploads\/2026\/05\/CIRCUFash_tagline_orange_rgb.png","width":1616,"height":1484,"caption":"circufash"},"image":{"@id":"https:\/\/circufash.eu\/ro\/#\/schema\/logo\/image\/"},"sameAs":["https:\/\/www.facebook.com\/profile.php?id=61577380356966","https:\/\/www.instagram.com\/circufash\/","https:\/\/www.linkedin.com\/company\/circufash\/posts\/?feedView=all"]}]}},"_links":{"self":[{"href":"https:\/\/circufash.eu\/ro\/wp-json\/wp\/v2\/pages\/4130","targetHints":{"allow":["GET"]}}],"collection":[{"href":"https:\/\/circufash.eu\/ro\/wp-json\/wp\/v2\/pages"}],"about":[{"href":"https:\/\/circufash.eu\/ro\/wp-json\/wp\/v2\/types\/page"}],"author":[{"embeddable":true,"href":"https:\/\/circufash.eu\/ro\/wp-json\/wp\/v2\/users\/1"}],"replies":[{"embeddable":true,"href":"https:\/\/circufash.eu\/ro\/wp-json\/wp\/v2\/comments?post=4130"}],"version-history":[{"count":36,"href":"https:\/\/circufash.eu\/ro\/wp-json\/wp\/v2\/pages\/4130\/revisions"}],"predecessor-version":[{"id":4619,"href":"https:\/\/circufash.eu\/ro\/wp-json\/wp\/v2\/pages\/4130\/revisions\/4619"}],"wp:attachment":[{"href":"https:\/\/circufash.eu\/ro\/wp-json\/wp\/v2\/media?parent=4130"}],"curies":[{"name":"wp","href":"https:\/\/api.w.org\/{rel}","templated":true}]}}